{"id":4617,"date":"2022-01-20T17:22:47","date_gmt":"2022-01-20T14:22:47","guid":{"rendered":"http:\/\/labloom.com.tr\/corner-sets\/"},"modified":"2022-01-24T12:39:13","modified_gmt":"2022-01-24T09:39:13","slug":"kose-takimlari","status":"publish","type":"page","link":"https:\/\/www.labloom.com.tr\/tr\/kose-takimlari\/","title":{"rendered":"K\u00f6\u015fe Tak\u0131mlar\u0131"},"content":{"rendered":"<section class=\"l-section wpb_row height_medium width_full\"><div class=\"l-section-h i-cf\"><div class=\"g-cols vc_row type_default valign_top\"><div class=\"vc_col-sm-12 wpb_column vc_column_container\"><div class=\"vc_column-inner us_custom_b15de1da\"><div class=\"wpb_wrapper\"><div class=\"wpb_text_column\" ><div class=\"wpb_wrapper\"><h4 style=\"text-align: right;\">K\u00f6\u015fe<br \/>\nTak\u0131mlar\u0131<\/h4>\n<\/div><\/div><\/div><\/div><\/div><\/div><\/div><\/section><section class=\"l-section wpb_row height_auto width_full\"><div class=\"l-section-h i-cf\"><div class=\"g-cols vc_row type_default valign_top\"><div class=\"vc_col-sm-12 wpb_column vc_column_container\"><div class=\"vc_column-inner\"><div class=\"wpb_wrapper\"><div class=\"w-grid us_custom_6618e26b type_grid layout_portfolio_7 cols_4 ratio_1x1\" id=\"us_grid_1\" data-grid-filter=\"true\"><style id=\"us_grid_1_css\">#us_grid_1 .w-grid-item{padding:0.75rem}#us_grid_1 .w-grid-list{margin:-0.75rem -0.75rem 0.75rem}.w-grid + #us_grid_1 .w-grid-list{margin-top:0.75rem}@media (max-width:1199px){#us_grid_1 .w-grid-item{width:33.333333333333%}#us_grid_1 .w-grid-item.size_2x1,#us_grid_1 .w-grid-item.size_2x2{width:66.666666666667%}}@media (max-width:899px){#us_grid_1 .w-grid-item{width:50%}#us_grid_1 .w-grid-item.size_2x1,#us_grid_1 .w-grid-item.size_2x2{width:100%}}@media (max-width:599px){#us_grid_1 .w-grid-list{margin:0}#us_grid_1 .w-grid-item{width:100%;padding:0;margin-bottom:0.75rem}}@media (min-width:1024px){#us_grid_1 .w-post-elm.post_title{font-size:2rem!important}}<\/style><style>.layout_portfolio_7 .w-grid-item-h:before{padding-bottom:100.0000%}@media (min-width:600px){.layout_portfolio_7 .w-grid-item.size_1x2 .w-grid-item-h:before{padding-bottom:calc(200% + 0.75rem + 0.75rem)}.layout_portfolio_7 .w-grid-item.size_2x1 .w-grid-item-h:before{padding-bottom:calc(50% - 0.75rem * 1)}.layout_portfolio_7 .w-grid-item.size_2x2 .w-grid-item-h:before{padding-bottom:calc(100% - 0.75rem * 0)}}.layout_portfolio_7 .w-grid-item-h{}.layout_portfolio_7 .usg_post_image_1{transition-duration:0.4s;transform-origin:50% 50%;transform:scale(1.1) translate(0,0)}.layout_portfolio_7 .w-grid-item-h:hover .usg_post_image_1{transform:scale(1) translate(0,0);opacity:0.1}.layout_portfolio_7 .usg_post_title_1{transition-duration:0.4s;transform-origin:50% 50%;transform:scale(1) translate(0,-50%);opacity:0}.layout_portfolio_7 .w-grid-item-h:hover .usg_post_title_1{transform:scale(1) translate(0,0);opacity:1}.layout_portfolio_7 .usg_post_taxonomy_1{transition-duration:0.4s;transform-origin:50% 50%;transform:scale(1) translate(0,50%);opacity:0}.layout_portfolio_7 .w-grid-item-h:hover .usg_post_taxonomy_1{transform:scale(1) translate(0,0);opacity:1}.layout_portfolio_7 .usg_html_1{transition-duration:0.4s;transform-origin:50% 50%;transform:scale(1.1) translate(0,0);opacity:0}.layout_portfolio_7 .w-grid-item-h:hover .usg_html_1{transform:scale(1) translate(0,0);opacity:1}.layout_portfolio_7 .usg_post_image_1{position:absolute!important;top:0!important;right:0!important;bottom:0!important;left:0!important}.layout_portfolio_7 .usg_vwrapper_1{position:absolute!important;top:0!important;right:0!important;bottom:0!important;left:0!important;padding:2.6rem!important}.layout_portfolio_7 .usg_post_title_1{color:inherit!important;font-size:1.4rem!important}.layout_portfolio_7 .usg_html_1{position:absolute!important;top:1.3rem!important;right:1.3rem!important;bottom:1.3rem!important;left:1.3rem!important;border-style:solid!important;border-width:2px!important}<\/style><div class=\"w-grid-list\" ><article class=\"w-grid-item size_1x1 post-5179 us_portfolio type-us_portfolio status-publish has-post-thumbnail hentry us_portfolio_category-kose-takimlari\" data-id=\"5179\">\r\n\t<div class=\"w-grid-item-h\">\r\n\t\t\t\t\t<a class=\"w-grid-item-anchor\" href=\"https:\/\/www.labloom.com.tr\/tr\/Products\/corner-sets\/\" rel=\"bookmark\" aria-label=\"Corner Sets\"><\/a>\r\n\t\t\t\t<div class=\"w-post-elm post_image usg_post_image_1 stretched\"><img width=\"1024\" height=\"572\" src=\"data:image\/svg+xml,%3Csvg xmlns=%22http:\/\/www.w3.org\/2000\/svg%22 viewBox=%220 0 1024 572%22%3E%3C\/svg%3E\" data-lazy-type=\"image\" data-src=\"https:\/\/www.labloom.com.tr\/wp-content\/uploads\/2023\/03\/Using_the_provided_2k_202601061346-1024x572.jpeg\" class=\"lazy lazy-hidden attachment-large size-large wp-post-image\" alt=\"\" loading=\"lazy\" srcset=\"\" data-srcset=\"https:\/\/www.labloom.com.tr\/wp-content\/uploads\/2023\/03\/Using_the_provided_2k_202601061346-1024x572.jpeg 1024w, https:\/\/www.labloom.com.tr\/wp-content\/uploads\/2023\/03\/Using_the_provided_2k_202601061346-300x167.jpeg 300w, https:\/\/www.labloom.com.tr\/wp-content\/uploads\/2023\/03\/Using_the_provided_2k_202601061346-1536x857.jpeg 1536w\" sizes=\"(max-width: 1024px) 100vw, 1024px\" \/><\/div><div class=\"w-html usg_html_1\"><\/div><div class=\"w-vwrapper usg_vwrapper_1 align_center valign_middle\"><h2 class=\"w-post-elm post_title usg_post_title_1 entry-title color_link_inherit has_text_color\">Corner Sets<\/h2><div class=\"w-post-elm post_taxonomy usg_post_taxonomy_1 style_simple color_link_inherit\"><a href=\"https:\/\/www.labloom.com.tr\/tr\/\u00dcr\u00fcn_Kategorisi\/kose-takimlari\/\">K\u00f6\u015fe Tak\u0131mlar\u0131<\/a><\/div><\/div>\t<\/div>\r\n<\/article>\r\n<article class=\"w-grid-item size_1x1 post-4653 us_portfolio type-us_portfolio status-publish has-post-thumbnail hentry us_portfolio_category-kose-takimlari\" data-id=\"4653\">\r\n\t<div class=\"w-grid-item-h\">\r\n\t\t\t\t\t<a class=\"w-grid-item-anchor\" href=\"https:\/\/www.labloom.com.tr\/tr\/Products\/lagom-2\/\" rel=\"bookmark\" aria-label=\"Lagom\"><\/a>\r\n\t\t\t\t<div class=\"w-post-elm post_image usg_post_image_1 stretched\"><img width=\"1024\" height=\"683\" src=\"data:image\/svg+xml,%3Csvg xmlns=%22http:\/\/www.w3.org\/2000\/svg%22 viewBox=%220 0 1024 683%22%3E%3C\/svg%3E\" data-lazy-type=\"image\" data-src=\"https:\/\/www.labloom.com.tr\/wp-content\/uploads\/2022\/01\/LagomBanner-1024x683.jpg\" class=\"lazy lazy-hidden attachment-large size-large wp-post-image\" alt=\"\" loading=\"lazy\" srcset=\"\" data-srcset=\"https:\/\/www.labloom.com.tr\/wp-content\/uploads\/2022\/01\/LagomBanner-1024x683.jpg 1024w, https:\/\/www.labloom.com.tr\/wp-content\/uploads\/2022\/01\/LagomBanner-300x200.jpg 300w, https:\/\/www.labloom.com.tr\/wp-content\/uploads\/2022\/01\/LagomBanner-1536x1024.jpg 1536w, https:\/\/www.labloom.com.tr\/wp-content\/uploads\/2022\/01\/LagomBanner.jpg 1819w\" sizes=\"(max-width: 1024px) 100vw, 1024px\" \/><\/div><div class=\"w-html usg_html_1\"><\/div><div class=\"w-vwrapper usg_vwrapper_1 align_center valign_middle\"><h2 class=\"w-post-elm post_title usg_post_title_1 entry-title color_link_inherit has_text_color\">Lagom<\/h2><div class=\"w-post-elm post_taxonomy usg_post_taxonomy_1 style_simple color_link_inherit\"><a href=\"https:\/\/www.labloom.com.tr\/tr\/\u00dcr\u00fcn_Kategorisi\/kose-takimlari\/\">K\u00f6\u015fe Tak\u0131mlar\u0131<\/a><\/div><\/div>\t<\/div>\r\n<\/article>\r\n<article class=\"w-grid-item size_1x1 post-4650 us_portfolio type-us_portfolio status-publish has-post-thumbnail hentry us_portfolio_category-kose-takimlari\" data-id=\"4650\">\r\n\t<div class=\"w-grid-item-h\">\r\n\t\t\t\t\t<a class=\"w-grid-item-anchor\" href=\"https:\/\/www.labloom.com.tr\/tr\/Products\/musea\/\" rel=\"bookmark\" aria-label=\"Musea\"><\/a>\r\n\t\t\t\t<div class=\"w-post-elm post_image usg_post_image_1 stretched\"><img width=\"1024\" height=\"572\" src=\"data:image\/svg+xml,%3Csvg xmlns=%22http:\/\/www.w3.org\/2000\/svg%22 viewBox=%220 0 1024 572%22%3E%3C\/svg%3E\" data-lazy-type=\"image\" data-src=\"https:\/\/www.labloom.com.tr\/wp-content\/uploads\/2005\/01\/Using_the_provided_2k_202601061442-3-1024x572.jpeg\" class=\"lazy lazy-hidden attachment-large size-large wp-post-image\" alt=\"\" loading=\"lazy\" srcset=\"\" data-srcset=\"https:\/\/www.labloom.com.tr\/wp-content\/uploads\/2005\/01\/Using_the_provided_2k_202601061442-3-1024x572.jpeg 1024w, https:\/\/www.labloom.com.tr\/wp-content\/uploads\/2005\/01\/Using_the_provided_2k_202601061442-3-300x167.jpeg 300w, https:\/\/www.labloom.com.tr\/wp-content\/uploads\/2005\/01\/Using_the_provided_2k_202601061442-3-1536x857.jpeg 1536w\" sizes=\"(max-width: 1024px) 100vw, 1024px\" \/><\/div><div class=\"w-html usg_html_1\"><\/div><div class=\"w-vwrapper usg_vwrapper_1 align_center valign_middle\"><h2 class=\"w-post-elm post_title usg_post_title_1 entry-title color_link_inherit has_text_color\">Musea<\/h2><div class=\"w-post-elm post_taxonomy usg_post_taxonomy_1 style_simple color_link_inherit\"><a href=\"https:\/\/www.labloom.com.tr\/tr\/\u00dcr\u00fcn_Kategorisi\/kose-takimlari\/\">K\u00f6\u015fe Tak\u0131mlar\u0131<\/a><\/div><\/div>\t<\/div>\r\n<\/article>\r\n<\/div><div class=\"w-grid-preloader\"><div class=\"g-preloader type_1\">\r\n\t<div><\/div>\r\n<\/div>\r\n<\/div>\t<div class=\"w-grid-json hidden\" onclick='return {&quot;action&quot;:&quot;us_ajax_grid&quot;,&quot;ajax_url&quot;:&quot;https:\\\/\\\/www.labloom.com.tr\\\/wp-admin\\\/admin-ajax.php&quot;,&quot;infinite_scroll&quot;:0,&quot;max_num_pages&quot;:1,&quot;pagination&quot;:&quot;infinite&quot;,&quot;permalink_url&quot;:&quot;https:\\\/\\\/www.labloom.com.tr\\\/tr\\\/wp-json\\\/wp\\\/v2\\\/pages\\\/4617\\\/&quot;,&quot;template_vars&quot;:{&quot;columns&quot;:&quot;4&quot;,&quot;exclude_items&quot;:&quot;none&quot;,&quot;img_size&quot;:&quot;default&quot;,&quot;ignore_items_size&quot;:false,&quot;items_layout&quot;:&quot;portfolio_7&quot;,&quot;items_offset&quot;:&quot;1&quot;,&quot;overriding_link&quot;:&quot;post&quot;,&quot;post_id&quot;:4617,&quot;query_args&quot;:{&quot;post_type&quot;:[&quot;us_portfolio&quot;],&quot;tax_query&quot;:[{&quot;taxonomy&quot;:&quot;us_portfolio_category&quot;,&quot;field&quot;:&quot;slug&quot;,&quot;terms&quot;:[&quot;corner-sets&quot;,&quot;kose-takimlari&quot;]}],&quot;post_status&quot;:[&quot;publish&quot;],&quot;orderby&quot;:{&quot;date&quot;:&quot;DESC&quot;},&quot;posts_per_page&quot;:&quot;20&quot;},&quot;type&quot;:&quot;grid&quot;,&quot;us_grid_ajax_index&quot;:1,&quot;us_grid_filter_params&quot;:null,&quot;us_grid_index&quot;:1,&quot;_us_grid_post_type&quot;:&quot;us_portfolio&quot;,&quot;lang&quot;:&quot;tr&quot;}}'><\/div>\r\n<\/div><\/div><\/div><\/div><\/div><\/div><\/section><section class=\"l-section wpb_row height_auto width_full\"><div class=\"l-section-h i-cf\"><div class=\"g-cols vc_row type_default valign_top\"><div class=\"vc_col-sm-12 wpb_column vc_column_container\"><div class=\"vc_column-inner us_custom_60e9caca\"><div class=\"wpb_wrapper\"><section class=\"l-section wpb_row us_custom_b7a68ffe height_medium\"><div class=\"l-section-h i-cf\"><div class=\"g-cols vc_row type_default valign_top\"><div class=\"vc_col-sm-12 wpb_column vc_column_container animate_afb\"><div class=\"vc_column-inner\"><div class=\"wpb_wrapper\"><div class=\"wpb_text_column\" ><div class=\"wpb_wrapper\"><h5><span style=\"color: #f5f5f5;\">COMFORT &amp; HAPPINESS UNDER THE SKY COMES TO YOUR LIVING SPACES<\/span><\/h5>\n<\/div><\/div><\/div><\/div><\/div><\/div><\/div><\/section>\n<\/div><\/div><\/div><\/div><\/div><\/section>\n","protected":false},"excerpt":{"rendered":"MuseaAh\u015fab\u0131n Enerjisi FSC belgesine sahip Iroko a\u011fa\u00e7lar\u0131 ve korozyona kar\u015f\u0131 dayan\u0131kl\u0131 al\u00fcminyumdan \u00fcretilen Musae K\u00f6\u015fe Tak\u0131m\u0131 \u00f6zg\u00fcn tasar\u0131m\u0131yla bah\u00e7enize \u015f\u0131kl\u0131k katarken geni\u015f ve konforlu oturma alanlar\u0131yla konuklar\u0131n\u0131z\u0131 d\u0131\u015f mek\u00e2nlar\u0131n\u0131zda rahatl\u0131kla a\u011f\u0131rlayabilmenizi sa\u011flayacak. Size K\u00f6\u015fe Tak\u0131m\u0131 (yan sehpalar dahil) \/ 280x260cm 75 Kahve Sehpas\u0131\/ 90x90cm 40H Kanepe 4 ki\u015filik \/ 1260x70cm 75H Yan Sehpa \/ 85x40cm...","protected":false},"author":1,"featured_media":0,"parent":0,"menu_order":0,"comment_status":"closed","ping_status":"closed","template":"","meta":[],"_links":{"self":[{"href":"https:\/\/www.labloom.com.tr\/tr\/wp-json\/wp\/v2\/pages\/4617"}],"collection":[{"href":"https:\/\/www.labloom.com.tr\/tr\/wp-json\/wp\/v2\/pages"}],"about":[{"href":"https:\/\/www.labloom.com.tr\/tr\/wp-json\/wp\/v2\/types\/page"}],"author":[{"embeddable":true,"href":"https:\/\/www.labloom.com.tr\/tr\/wp-json\/wp\/v2\/users\/1"}],"replies":[{"embeddable":true,"href":"https:\/\/www.labloom.com.tr\/tr\/wp-json\/wp\/v2\/comments?post=4617"}],"version-history":[{"count":3,"href":"https:\/\/www.labloom.com.tr\/tr\/wp-json\/wp\/v2\/pages\/4617\/revisions"}],"predecessor-version":[{"id":4812,"href":"https:\/\/www.labloom.com.tr\/tr\/wp-json\/wp\/v2\/pages\/4617\/revisions\/4812"}],"wp:attachment":[{"href":"https:\/\/www.labloom.com.tr\/tr\/wp-json\/wp\/v2\/media?parent=4617"}],"curies":[{"name":"wp","href":"https:\/\/api.w.org\/{rel}","templated":true}]}}