{"id":4604,"date":"2016-08-03T09:44:22","date_gmt":"2016-08-03T06:44:22","guid":{"rendered":"http:\/\/labloom.com.tr\/about\/"},"modified":"2025-01-16T16:30:50","modified_gmt":"2025-01-16T13:30:50","slug":"hakkimizda","status":"publish","type":"page","link":"https:\/\/www.labloom.com.tr\/tr\/hakkimizda\/","title":{"rendered":"Hakk\u0131m\u0131zda"},"content":{"rendered":"<section class=\"l-section wpb_row height_auto\"><div class=\"l-section-h i-cf\"><div class=\"g-cols vc_row type_default valign_top\"><div class=\"vc_col-sm-4 wpb_column vc_column_container\"><div class=\"vc_column-inner us_custom_de366d1c\"><div class=\"wpb_wrapper\"><div class=\"w-separator size_large\"><\/div><div class=\"w-separator size_large\"><\/div><div class=\"w-separator size_small\"><\/div><div class=\"wpb_text_column\" ><div class=\"wpb_wrapper\"><h1>La Bloom<\/h1>\n<h5>outdoor furnitures<\/h5>\n<p>25 y\u0131l\u0131 a\u015fk\u0131n \u00fcretim tecr\u00fcbemizle tasarlad\u0131\u011f\u0131m\u0131z mobilyalarla trendlere \u00f6nc\u00fcl\u00fck ediyoruz.<\/p>\n<p>Kullan\u0131c\u0131lar\u0131n farkl\u0131 ihtiya\u00e7lar\u0131 d\u00fc\u015f\u00fcn\u00fclerek tasarlanan bah\u00e7e tak\u0131mlar\u0131m\u0131z\u0131, \u00e7e\u015fitli renk ve tasar\u0131m se\u00e7enekleri ile be\u011fenilerinize sunuyoruz.<\/p>\n<\/div><\/div><div class=\"w-separator size_large\"><\/div><\/div><\/div><\/div><div class=\"vc_col-sm-1 wpb_column vc_column_container\"><div class=\"vc_column-inner us_custom_8f2ba1f4\"><div class=\"wpb_wrapper\"><\/div><\/div><\/div><div class=\"vc_col-sm-7 wpb_column vc_column_container has-fill stretched\"><div class=\"vc_column-inner us_custom_c0441259\"><div class=\"wpb_wrapper\"><div class=\"w-separator size_custom\" style=\"height:30vmax\"><\/div><\/div><\/div><\/div><\/div><\/div><\/section><section class=\"l-section wpb_row height_medium color_alternate\"><div class=\"l-section-h i-cf\"><div class=\"g-cols vc_row type_default valign_top\"><div class=\"vc_col-sm-8 wpb_column vc_column_container\"><div class=\"vc_column-inner us_custom_60e9caca\"><div class=\"wpb_wrapper\"><div class=\"w-separator size_small\"><\/div><div class=\"wpb_text_column\" ><div class=\"wpb_wrapper\"><h4>La Bloom\u2019un bir bahce mobilyas\u0131ndan daha fazlas\u0131na sahip oldu\u011funu, g\u00fcn \u0131\u015f\u0131\u011f\u0131ndan ay \u0131\u015f\u0131\u011f\u0131na kadar gecirdi\u011finiz t\u00fcm zaman dilimlerinde hissedeceksiniz\u2026<\/h4>\n<\/div><\/div><div class=\"w-separator size_medium\"><\/div><div class=\"wpb_text_column\" ><div class=\"wpb_wrapper\"><p>Mobilyalar\u0131m\u0131z; \u015fehrin canl\u0131 atmosferinden ka\u00e7arken bir mola vermek, arkada\u015flar\u0131n\u0131zla veya ailenizle edece\u011finiz unutulmaz sohbetlerinizdeki konfor unsuru olmak veya denizin dinginli\u011finden do\u011faya ge\u00e7i\u015finizdeki huzuru tan\u0131mlamak i\u00e7in tasarland\u0131.<\/p>\n<p>Bizi biz yapan bu tasar\u0131mlar\u0131m\u0131z, baz\u0131 ortak temalar \u00fczerine kuruldu; yenilik, sa\u011flaml\u0131k ve kaliteden \u00f6d\u00fcn vermeyen bir bak\u0131\u015f a\u00e7\u0131s\u0131\u2026<\/p>\n<\/div><\/div><\/div><\/div><\/div><div class=\"vc_col-sm-4 wpb_column vc_column_container\"><div class=\"vc_column-inner\"><div class=\"wpb_wrapper\"><\/div><\/div><\/div><\/div><\/div><\/section><section class=\"l-section wpb_row height_medium\"><div class=\"l-section-h i-cf\"><div class=\"g-cols vc_row type_default valign_top\"><div class=\"vc_col-sm-9 wpb_column vc_column_container\"><div class=\"vc_column-inner us_custom_60e9caca\"><div class=\"wpb_wrapper\"><div class=\"w-separator size_small\"><\/div><div class=\"wpb_text_column\" ><div class=\"wpb_wrapper\"><h2>Tasar\u0131mlar\u0131m\u0131z<\/h2>\n<\/div><\/div><div class=\"w-separator size_medium\"><\/div><div class=\"w-tabs style_default switch_click accordion remove_indents title_atleft icon_plus iconpos_right\"><div class=\"w-tabs-sections\"><div class=\"w-tabs-sections-h\"><div class=\"w-tabs-section\" id=\"69e5eddc1c794\"><button class=\"w-tabs-section-header\" style=\"font-size:1.6rem;\" aria-controls=\"content-69e5eddc1c794\"><div class=\"w-tabs-section-header-h\"><h3 class=\"w-tabs-section-title\">Bahce Tak\u0131mlar\u0131<\/h3><div class=\"w-tabs-section-control\"><\/div><\/div><\/button><div class=\"w-tabs-section-content\" id=\"content-69e5eddc1c794\" aria-expanded=\"false\"><div class=\"w-tabs-section-content-h i-cf\"><div class=\"wpb_text_column\" ><div class=\"wpb_wrapper\"><p>D\u0131\u015f mek\u00e2nlar\u0131n\u0131zdaki s\u0131cakl\u0131\u011f\u0131 ve konforu, La Bloom\u2019un d\u0131\u015f mek\u00e2n mobilya tak\u0131mlar\u0131 ile g\u00fcn \u0131\u015f\u0131\u011f\u0131ndan ay \u0131\u015f\u0131\u011f\u0131na dek ge\u00e7en t\u00fcm zaman dilimlerinde hissedin! Do\u011fadan esinlenilen renk se\u00e7enekleri ve uzun y\u0131llar dayan\u0131kl\u0131 La Bloom mobilyalar\u0131 ile evinizin en g\u00fczel k\u00f6\u015fesinde arkan\u0131za yaslan\u0131n, rahatlay\u0131n ve a\u00e7\u0131k havan\u0131n keyfini \u00e7\u0131kar\u0131n!<\/p>\n<\/div><\/div><\/div><\/div><\/div><div class=\"w-tabs-section\" id=\"69e5eddc1c862\"><button class=\"w-tabs-section-header\" style=\"font-size:1.6rem;\" aria-controls=\"content-69e5eddc1c862\"><div class=\"w-tabs-section-header-h\"><h3 class=\"w-tabs-section-title\">K\u00f6\u015fe Tak\u0131mlar\u0131<\/h3><div class=\"w-tabs-section-control\"><\/div><\/div><\/button><div class=\"w-tabs-section-content\" id=\"content-69e5eddc1c862\" aria-expanded=\"false\"><div class=\"w-tabs-section-content-h i-cf\"><div class=\"wpb_text_column\" ><div class=\"wpb_wrapper\"><p>Oturma odan\u0131z\u0131n rahatl\u0131\u011f\u0131n\u0131 ah\u015fab\u0131n enerjisiyle a\u00e7\u0131k alanlar\u0131n\u0131za ta\u015f\u0131yan La Bloom k\u00f6\u015fe tak\u0131mlar\u0131n\u0131 ke\u015ffettiniz mi? Do\u011fan\u0131n t\u00fcm ko\u015fullar\u0131na uyum sa\u011flayan ve an\u0131n tad\u0131n\u0131 \u00e7\u0131karabilece\u011finiz k\u00f6\u015fe tak\u0131mlar\u0131, g\u00f6z kama\u015ft\u0131ran renk se\u00e7enekleriyle unutulmaz sohbetlerinize e\u015flik edecek!<\/p>\n<\/div><\/div><\/div><\/div><\/div><div class=\"w-tabs-section\" id=\"69e5eddc1c92c\"><button class=\"w-tabs-section-header\" style=\"font-size:1.6rem;\" aria-controls=\"content-69e5eddc1c92c\"><div class=\"w-tabs-section-header-h\"><h3 class=\"w-tabs-section-title\">Masa Tak\u0131mlar\u0131<\/h3><div class=\"w-tabs-section-control\"><\/div><\/div><\/button><div class=\"w-tabs-section-content\" id=\"content-69e5eddc1c92c\" aria-expanded=\"false\"><div class=\"w-tabs-section-content-h i-cf\"><div class=\"wpb_text_column\" ><div class=\"wpb_wrapper\"><p>Ah\u015fab\u0131n e\u015fsiz dokusunu b\u00fcnyesinde bar\u0131nd\u0131ran masa tak\u0131mlar\u0131, ya\u015fam alanlar\u0131ndaki s\u0131cakl\u0131\u011f\u0131n en \u00e7arp\u0131c\u0131 tamamlay\u0131c\u0131s\u0131! La Bloom&#8217;un birbirinden \u015f\u0131k ve konforlu sofra tak\u0131mlar\u0131, keyifli kahvalt\u0131lar\u0131n\u0131z\u0131, ak\u015fam yemeklerinizi ve toplant\u0131lar\u0131n\u0131z\u0131 do\u011fan\u0131n dinginli\u011fiyle bulu\u015fturacak!<\/p>\n<\/div><\/div><\/div><\/div><\/div><div class=\"w-tabs-section\" id=\"69e5eddc1c9ed\"><button class=\"w-tabs-section-header\" style=\"font-size:1.6rem;\" aria-controls=\"content-69e5eddc1c9ed\"><div class=\"w-tabs-section-header-h\"><h3 class=\"w-tabs-section-title\">\u015eezlonglar<\/h3><div class=\"w-tabs-section-control\"><\/div><\/div><\/button><div class=\"w-tabs-section-content\" id=\"content-69e5eddc1c9ed\" aria-expanded=\"false\"><div class=\"w-tabs-section-content-h i-cf\"><div class=\"wpb_text_column\" ><div class=\"wpb_wrapper\"><p>Suyun berrakl\u0131\u011f\u0131n\u0131n ve do\u011fan\u0131n yumu\u015fak sesinin tad\u0131n\u0131 La Bloom \u015fezlonglarla \u00e7\u0131kar\u0131n! G\u00f6ky\u00fcz\u00fcnden ilham al\u0131narak tasarlanan \u015fezlonglar, konforlu ve geni\u015f minderleri ile suyun yan\u0131nda huzuru bulaca\u011f\u0131n\u0131z dingin ve dinlendirici bir alan yaratacak.<\/p>\n<\/div><\/div><\/div><\/div><\/div><div class=\"w-tabs-section\" id=\"1642498234211-ea6a668c-4ed1\"><button class=\"w-tabs-section-header\" style=\"font-size:1.6rem;\" aria-controls=\"content-1642498234211-ea6a668c-4ed1\"><div class=\"w-tabs-section-header-h\"><h3 class=\"w-tabs-section-title\">Aksesuarlar<\/h3><div class=\"w-tabs-section-control\"><\/div><\/div><\/button><div class=\"w-tabs-section-content\" id=\"content-1642498234211-ea6a668c-4ed1\" aria-expanded=\"false\"><div class=\"w-tabs-section-content-h i-cf\"><div class=\"wpb_text_column\" ><div class=\"wpb_wrapper\"><p>\u015e\u0131k ve fonksiyonel bir tasar\u0131m anlay\u0131\u015f\u0131, La Bloom&#8217;un profesyonel i\u015f\u00e7ili\u011fi ile bulu\u015ftu. Mobilya dekorasyonunuzu tamamlayan sehpa ve hizmet\u00e7i \u00e7e\u015fitleri, ah\u015fab\u0131n l\u00fcks enerjisini ya\u015fam alanlar\u0131n\u0131za ta\u015f\u0131yacak!<\/p>\n<\/div><\/div><\/div><\/div><\/div><\/div><\/div><\/div><div class=\"w-separator size_huge\"><\/div><\/div><\/div><\/div><div class=\"vc_col-sm-3 wpb_column vc_column_container\"><div class=\"vc_column-inner\"><div class=\"wpb_wrapper\"><\/div><\/div><\/div><\/div><\/div><\/section><section class=\"l-section wpb_row height_auto width_full\"><div class=\"l-section-h i-cf\"><div class=\"g-cols vc_row type_default valign_top\"><div class=\"vc_col-sm-12 wpb_column vc_column_container\"><div class=\"vc_column-inner\"><div class=\"wpb_wrapper\"><\/div><\/div><\/div><\/div><\/div><\/section>\n","protected":false},"excerpt":{"rendered":"La Bloom outdoor furnitures 25 y\u0131l\u0131 a\u015fk\u0131n \u00fcretim tecr\u00fcbemizle tasarlad\u0131\u011f\u0131m\u0131z mobilyalarla trendlere \u00f6nc\u00fcl\u00fck ediyoruz. Kullan\u0131c\u0131lar\u0131n farkl\u0131 ihtiya\u00e7lar\u0131 d\u00fc\u015f\u00fcn\u00fclerek tasarlanan bah\u00e7e tak\u0131mlar\u0131m\u0131z\u0131, \u00e7e\u015fitli renk ve tasar\u0131m se\u00e7enekleri ile be\u011fenilerinize sunuyoruz. La Bloom\u2019un bir bahce mobilyas\u0131ndan daha fazlas\u0131na sahip oldu\u011funu, g\u00fcn \u0131\u015f\u0131\u011f\u0131ndan ay \u0131\u015f\u0131\u011f\u0131na kadar gecirdi\u011finiz t\u00fcm zaman dilimlerinde hissedeceksiniz\u2026 Mobilyalar\u0131m\u0131z; \u015fehrin canl\u0131 atmosferinden ka\u00e7arken bir mola...","protected":false},"author":1,"featured_media":0,"parent":0,"menu_order":0,"comment_status":"closed","ping_status":"closed","template":"","meta":[],"_links":{"self":[{"href":"https:\/\/www.labloom.com.tr\/tr\/wp-json\/wp\/v2\/pages\/4604"}],"collection":[{"href":"https:\/\/www.labloom.com.tr\/tr\/wp-json\/wp\/v2\/pages"}],"about":[{"href":"https:\/\/www.labloom.com.tr\/tr\/wp-json\/wp\/v2\/types\/page"}],"author":[{"embeddable":true,"href":"https:\/\/www.labloom.com.tr\/tr\/wp-json\/wp\/v2\/users\/1"}],"replies":[{"embeddable":true,"href":"https:\/\/www.labloom.com.tr\/tr\/wp-json\/wp\/v2\/comments?post=4604"}],"version-history":[{"count":3,"href":"https:\/\/www.labloom.com.tr\/tr\/wp-json\/wp\/v2\/pages\/4604\/revisions"}],"predecessor-version":[{"id":5138,"href":"https:\/\/www.labloom.com.tr\/tr\/wp-json\/wp\/v2\/pages\/4604\/revisions\/5138"}],"wp:attachment":[{"href":"https:\/\/www.labloom.com.tr\/tr\/wp-json\/wp\/v2\/media?parent=4604"}],"curies":[{"name":"wp","href":"https:\/\/api.w.org\/{rel}","templated":true}]}}