{"id":25,"date":"2016-07-21T10:16:03","date_gmt":"2016-07-21T10:16:03","guid":{"rendered":"http:\/\/impreza7.us-themes.com\/?page_id=25"},"modified":"2026-01-27T11:23:25","modified_gmt":"2026-01-27T08:23:25","slug":"home-2","status":"publish","type":"page","link":"https:\/\/www.labloom.com.tr\/tr\/","title":{"rendered":"Anasayfa"},"content":{"rendered":"<section class=\"l-section wpb_row us_custom_2111fd92 height_medium parallax_fixed\"><div class=\"l-section-h i-cf\"><div class=\"g-cols vc_row type_default valign_top\"><div class=\"vc_col-sm-5 wpb_column vc_column_container has-fill\"><div class=\"vc_column-inner us_custom_cb840336\"><div class=\"wpb_wrapper\"><div class=\"wpb_text_column\" ><div class=\"wpb_wrapper\"><h1>\u0130STANBUL<br \/>\nMOB\u0130LYA FUARI&#8217;NDA<br \/>\nBULU\u015eUYORUZ<\/h1>\n<p>Yeni koleksiyonumuzla tan\u0131\u015fman\u0131z i\u00e7in stand\u0131m\u0131za davetlisiniz.<\/p>\n<\/div><\/div><div class=\"w-separator size_small\"><\/div><div class=\"w-btn-wrapper width_auto align_left\"><a class=\"w-btn us-btn-style_3\" title=\"Hakk\u0131m\u0131zda\" target=\"_blank\" href=\"https:\/\/www.istanbulfurniturefair.com\/tr\/marka\/cozum-bahce-mobilyalari-metal-reklam-ins-san-tic-ltd-sti-166773\" rel=\"noopener\"><span class=\"w-btn-label\">Detaylar<\/span><\/a><\/div><\/div><\/div><\/div><div class=\"vc_col-sm-7 wpb_column vc_column_container\"><div class=\"vc_column-inner us_custom_60e9caca\"><div class=\"wpb_wrapper\"><\/div><\/div><\/div><\/div><\/div><\/section><section class=\"l-section wpb_row height_large color_alternate\"><div class=\"l-section-h i-cf\"><div class=\"g-cols vc_row type_default valign_top\"><div class=\"vc_col-sm-12 wpb_column vc_column_container\"><div class=\"vc_column-inner us_custom_60e9caca\"><div class=\"wpb_wrapper\"><div class=\"wpb_text_column\" ><div class=\"wpb_wrapper\"><h2>Size eksiksiz bir d\u0131\u015f mekan konsepti ve tasar\u0131m anlay\u0131\u015f\u0131 vadediyoruz.<\/h2>\n<\/div><\/div><div class=\"w-separator size_custom\" style=\"height:75px\"><\/div><div class=\"g-cols wpb_row  type_default valign_top vc_inner\"><div class=\"vc_col-sm-3 wpb_column vc_column_container\"><div class=\"vc_column-inner us_custom_60e9caca\"><div class=\"wpb_wrapper\"><div class=\"wpb_text_column\" ><div class=\"wpb_wrapper\"><p><img loading=\"lazy\" class=\"lazy lazy-hidden alignnone size-full wp-image-3801\" src=\"data:image\/svg+xml,%3Csvg xmlns=%22http:\/\/www.w3.org\/2000\/svg%22 viewBox=%220 0 237 63%22%3E%3C\/svg%3E\" data-lazy-type=\"image\" data-src=\"http:\/\/labloom.com.tr\/wp-content\/uploads\/2022\/01\/Labloom-242x63Npx.png\" alt=\"\" width=\"237\" height=\"63\" \/><\/p>\n<\/div><\/div><\/div><\/div><\/div><div class=\"vc_col-sm-6 wpb_column vc_column_container\"><div class=\"vc_column-inner us_custom_3683a75f\"><div class=\"wpb_wrapper\"><div class=\"w-separator size_custom\" style=\"height:10px\"><\/div><div class=\"wpb_text_column\" ><div class=\"wpb_wrapper\"><p>25 y\u0131l\u0131 a\u015fk\u0131n \u00fcretim tecr\u00fcbemizle tasarlad\u0131\u011f\u0131m\u0131z mobilyalarla trendlere \u00f6nc\u00fcl\u00fck ediyoruz.<\/p>\n<\/div><\/div><\/div><\/div><\/div><div class=\"vc_col-sm-3 wpb_column vc_column_container\"><div class=\"vc_column-inner us_custom_47d40b1d\"><div class=\"wpb_wrapper\"><div class=\"w-separator size_custom\" style=\"height:10px\"><\/div><div class=\"w-btn-wrapper width_auto align_left\"><a class=\"w-btn us-btn-style_3 icon_atleft\" title=\"Online Katalog\" target=\"_blank\" href=\"https:\/\/www.labloom.com.tr\/labloom-catalog.pdf\" rel=\"noopener\"><i class=\"fas fa-file-pdf\"><\/i><span class=\"w-btn-label\">E-Katalog<\/span><\/a><\/div><\/div><\/div><\/div><\/div><\/div><\/div><\/div><\/div><\/div><\/section><section class=\"l-section wpb_row height_large\"><div class=\"l-section-h i-cf\"><div class=\"g-cols vc_row type_default valign_top\"><div class=\"vc_col-sm-12 wpb_column vc_column_container\"><div class=\"vc_column-inner us_custom_60e9caca\"><div class=\"wpb_wrapper\"><div class=\"wpb_text_column\" ><div class=\"wpb_wrapper\"><h2 style=\"text-align: left;\">Yeni \u00dcr\u00fcnler<\/h2>\n<\/div><\/div><div class=\"w-separator size_medium\"><\/div><div class=\"w-grid type_carousel layout_portfolio_8 ratio_1x1\" id=\"us_grid_1\" data-grid-filter=\"false\"><style id=\"us_grid_1_css\">#us_grid_1 .w-grid-item{padding:1.5rem}#us_grid_1 .w-grid-list{margin:-1.5rem}.w-grid + #us_grid_1 .w-grid-list{margin-top:1.5rem}<\/style><style>.layout_portfolio_8 .w-grid-item-h:before{padding-bottom:100.0000%}.layout_portfolio_8 .w-grid-item-h{}.layout_portfolio_8 .usg_post_image_1{transition-duration:0.4s;transform-origin:50% 50%;transform:scale(1) translate(-8%,0)}.layout_portfolio_8 .w-grid-item-h:hover .usg_post_image_1{transform:scale(1) translate(0,0);opacity:0.1}.layout_portfolio_8 .usg_post_title_1{transition-duration:0.3s;transform-origin:50% 50%;transform:scale(1) translate(-33%,0);opacity:0}.layout_portfolio_8 .w-grid-item-h:hover .usg_post_title_1{transform:scale(1) translate(0,0);opacity:1}.layout_portfolio_8 .usg_post_taxonomy_1{transition-duration:0.3s;transform-origin:50% 50%;transform:scale(1) translate(40%,0);opacity:0}.layout_portfolio_8 .w-grid-item-h:hover .usg_post_taxonomy_1{transform:scale(1) translate(0,0);opacity:0.75}.layout_portfolio_8 .usg_post_image_1{width:110%!important;position:absolute!important;top:0!important;right:0!important;bottom:0!important;left:0!important}.layout_portfolio_8 .usg_vwrapper_1{position:absolute!important;top:0!important;right:0!important;bottom:0!important;left:0!important;padding:2rem!important}.layout_portfolio_8 .usg_post_title_1{color:inherit!important;font-size:1.4rem!important}<\/style><div class=\"w-grid-list owl-carousel navstyle_circle navpos_outside with_dots\" ><article class=\"w-grid-item post-5152 us_portfolio type-us_portfolio status-publish has-post-thumbnail hentry us_portfolio_category-bahce-takimlari\" data-id=\"5152\">\r\n\t<div class=\"w-grid-item-h\">\r\n\t\t\t\t<div class=\"w-post-elm post_image usg_post_image_1 has_width stretched\"><img width=\"1024\" height=\"683\" src=\"https:\/\/www.labloom.com.tr\/wp-content\/uploads\/2025\/01\/Corfu-5-web-1024x683.jpg\" class=\"not-lazy attachment-large size-large wp-post-image\" alt=\"\" loading=\"lazy\" srcset=\"https:\/\/www.labloom.com.tr\/wp-content\/uploads\/2025\/01\/Corfu-5-web-1024x683.jpg 1024w, https:\/\/www.labloom.com.tr\/wp-content\/uploads\/2025\/01\/Corfu-5-web-300x200.jpg 300w, https:\/\/www.labloom.com.tr\/wp-content\/uploads\/2025\/01\/Corfu-5-web-1536x1024.jpg 1536w, https:\/\/www.labloom.com.tr\/wp-content\/uploads\/2025\/01\/Corfu-5-web.jpg 1920w\" sizes=\"(max-width: 1024px) 100vw, 1024px\" \/><\/div><div class=\"w-vwrapper usg_vwrapper_1 align_left valign_middle\"><h2 class=\"w-post-elm post_title usg_post_title_1 entry-title color_link_inherit has_text_color\">Corfu<\/h2><div class=\"w-post-elm post_taxonomy usg_post_taxonomy_1 style_simple color_link_inherit\"><a href=\"https:\/\/www.labloom.com.tr\/tr\/\u00dcr\u00fcn_Kategorisi\/bahce-takimlari\/\">Bahce Tak\u0131mlar\u0131<\/a><\/div><\/div>\t<\/div>\r\n<\/article>\r\n<article class=\"w-grid-item post-5155 us_portfolio type-us_portfolio status-publish has-post-thumbnail hentry us_portfolio_category-bahce-takimlari\" data-id=\"5155\">\r\n\t<div class=\"w-grid-item-h\">\r\n\t\t\t\t<div class=\"w-post-elm post_image usg_post_image_1 has_width stretched\"><img width=\"1024\" height=\"572\" src=\"https:\/\/www.labloom.com.tr\/wp-content\/uploads\/2025\/01\/Verona-1-1024x572.jpeg\" class=\"not-lazy attachment-large size-large wp-post-image\" alt=\"\" loading=\"lazy\" srcset=\"https:\/\/www.labloom.com.tr\/wp-content\/uploads\/2025\/01\/Verona-1-1024x572.jpeg 1024w, https:\/\/www.labloom.com.tr\/wp-content\/uploads\/2025\/01\/Verona-1-300x167.jpeg 300w, https:\/\/www.labloom.com.tr\/wp-content\/uploads\/2025\/01\/Verona-1-1536x857.jpeg 1536w\" sizes=\"(max-width: 1024px) 100vw, 1024px\" \/><\/div><div class=\"w-vwrapper usg_vwrapper_1 align_left valign_middle\"><h2 class=\"w-post-elm post_title usg_post_title_1 entry-title color_link_inherit has_text_color\">Verona<\/h2><div class=\"w-post-elm post_taxonomy usg_post_taxonomy_1 style_simple color_link_inherit\"><a href=\"https:\/\/www.labloom.com.tr\/tr\/\u00dcr\u00fcn_Kategorisi\/bahce-takimlari\/\">Bahce Tak\u0131mlar\u0131<\/a><\/div><\/div>\t<\/div>\r\n<\/article>\r\n<article class=\"w-grid-item post-5157 us_portfolio type-us_portfolio status-publish has-post-thumbnail hentry us_portfolio_category-bahce-takimlari\" data-id=\"5157\">\r\n\t<div class=\"w-grid-item-h\">\r\n\t\t\t\t<div class=\"w-post-elm post_image usg_post_image_1 has_width stretched\"><img width=\"1024\" height=\"572\" src=\"https:\/\/www.labloom.com.tr\/wp-content\/uploads\/2025\/01\/Amalfi-2-Topaz-Gigapixel-2x-scale-1024x572.jpg\" class=\"not-lazy attachment-large size-large wp-post-image\" alt=\"\" loading=\"lazy\" srcset=\"https:\/\/www.labloom.com.tr\/wp-content\/uploads\/2025\/01\/Amalfi-2-Topaz-Gigapixel-2x-scale-1024x572.jpg 1024w, https:\/\/www.labloom.com.tr\/wp-content\/uploads\/2025\/01\/Amalfi-2-Topaz-Gigapixel-2x-scale-300x167.jpg 300w, https:\/\/www.labloom.com.tr\/wp-content\/uploads\/2025\/01\/Amalfi-2-Topaz-Gigapixel-2x-scale-1536x857.jpg 1536w\" sizes=\"(max-width: 1024px) 100vw, 1024px\" \/><\/div><div class=\"w-vwrapper usg_vwrapper_1 align_left valign_middle\"><h2 class=\"w-post-elm post_title usg_post_title_1 entry-title color_link_inherit has_text_color\">Amalfi<\/h2><div class=\"w-post-elm post_taxonomy usg_post_taxonomy_1 style_simple color_link_inherit\"><a href=\"https:\/\/www.labloom.com.tr\/tr\/\u00dcr\u00fcn_Kategorisi\/bahce-takimlari\/\">Bahce Tak\u0131mlar\u0131<\/a><\/div><\/div>\t<\/div>\r\n<\/article>\r\n<article class=\"w-grid-item post-5161 us_portfolio type-us_portfolio status-publish has-post-thumbnail hentry us_portfolio_category-bahce-takimlari\" data-id=\"5161\">\r\n\t<div class=\"w-grid-item-h\">\r\n\t\t\t\t<div class=\"w-post-elm post_image usg_post_image_1 has_width stretched\"><img width=\"1024\" height=\"572\" src=\"https:\/\/www.labloom.com.tr\/wp-content\/uploads\/2025\/01\/Puqlia-2-1024x572.jpeg\" class=\"not-lazy attachment-large size-large wp-post-image\" alt=\"\" loading=\"lazy\" srcset=\"https:\/\/www.labloom.com.tr\/wp-content\/uploads\/2025\/01\/Puqlia-2-1024x572.jpeg 1024w, https:\/\/www.labloom.com.tr\/wp-content\/uploads\/2025\/01\/Puqlia-2-300x167.jpeg 300w, https:\/\/www.labloom.com.tr\/wp-content\/uploads\/2025\/01\/Puqlia-2-1536x857.jpeg 1536w\" sizes=\"(max-width: 1024px) 100vw, 1024px\" \/><\/div><div class=\"w-vwrapper usg_vwrapper_1 align_left valign_middle\"><h2 class=\"w-post-elm post_title usg_post_title_1 entry-title color_link_inherit has_text_color\">Puqlia<\/h2><div class=\"w-post-elm post_taxonomy usg_post_taxonomy_1 style_simple color_link_inherit\"><a href=\"https:\/\/www.labloom.com.tr\/tr\/\u00dcr\u00fcn_Kategorisi\/bahce-takimlari\/\">Bahce Tak\u0131mlar\u0131<\/a><\/div><\/div>\t<\/div>\r\n<\/article>\r\n<article class=\"w-grid-item post-5149 us_portfolio type-us_portfolio status-publish has-post-thumbnail hentry us_portfolio_category-bahce-takimlari\" data-id=\"5149\">\r\n\t<div class=\"w-grid-item-h\">\r\n\t\t\t\t<div class=\"w-post-elm post_image usg_post_image_1 has_width stretched\"><img width=\"1024\" height=\"683\" src=\"https:\/\/www.labloom.com.tr\/wp-content\/uploads\/2023\/03\/Alice-1-1024x683.jpg\" class=\"not-lazy attachment-large size-large wp-post-image\" alt=\"\" loading=\"lazy\" srcset=\"https:\/\/www.labloom.com.tr\/wp-content\/uploads\/2023\/03\/Alice-1-1024x683.jpg 1024w, https:\/\/www.labloom.com.tr\/wp-content\/uploads\/2023\/03\/Alice-1-300x200.jpg 300w, https:\/\/www.labloom.com.tr\/wp-content\/uploads\/2023\/03\/Alice-1-1536x1024.jpg 1536w, https:\/\/www.labloom.com.tr\/wp-content\/uploads\/2023\/03\/Alice-1.jpg 1819w\" sizes=\"(max-width: 1024px) 100vw, 1024px\" \/><\/div><div class=\"w-vwrapper usg_vwrapper_1 align_left valign_middle\"><h2 class=\"w-post-elm post_title usg_post_title_1 entry-title color_link_inherit has_text_color\">Alice<\/h2><div class=\"w-post-elm post_taxonomy usg_post_taxonomy_1 style_simple color_link_inherit\"><a href=\"https:\/\/www.labloom.com.tr\/tr\/\u00dcr\u00fcn_Kategorisi\/bahce-takimlari\/\">Bahce Tak\u0131mlar\u0131<\/a><\/div><\/div>\t<\/div>\r\n<\/article>\r\n<article class=\"w-grid-item post-5165 us_portfolio type-us_portfolio status-publish has-post-thumbnail hentry us_portfolio_category-bahce-takimlari\" data-id=\"5165\">\r\n\t<div class=\"w-grid-item-h\">\r\n\t\t\t\t<div class=\"w-post-elm post_image usg_post_image_1 has_width stretched\"><img width=\"1024\" height=\"572\" src=\"https:\/\/www.labloom.com.tr\/wp-content\/uploads\/2023\/03\/Panula-Plus-11-1024x572.jpeg\" class=\"not-lazy attachment-large size-large wp-post-image\" alt=\"\" loading=\"lazy\" srcset=\"https:\/\/www.labloom.com.tr\/wp-content\/uploads\/2023\/03\/Panula-Plus-11-1024x572.jpeg 1024w, https:\/\/www.labloom.com.tr\/wp-content\/uploads\/2023\/03\/Panula-Plus-11-300x167.jpeg 300w, https:\/\/www.labloom.com.tr\/wp-content\/uploads\/2023\/03\/Panula-Plus-11-1536x857.jpeg 1536w\" sizes=\"(max-width: 1024px) 100vw, 1024px\" \/><\/div><div class=\"w-vwrapper usg_vwrapper_1 align_left valign_middle\"><h2 class=\"w-post-elm post_title usg_post_title_1 entry-title color_link_inherit has_text_color\">Panula Plus<\/h2><div class=\"w-post-elm post_taxonomy usg_post_taxonomy_1 style_simple color_link_inherit\"><a href=\"https:\/\/www.labloom.com.tr\/tr\/\u00dcr\u00fcn_Kategorisi\/bahce-takimlari\/\">Bahce Tak\u0131mlar\u0131<\/a><\/div><\/div>\t<\/div>\r\n<\/article>\r\n<article class=\"w-grid-item post-5175 us_portfolio type-us_portfolio status-publish has-post-thumbnail hentry us_portfolio_category-bahce-takimlari\" data-id=\"5175\">\r\n\t<div class=\"w-grid-item-h\">\r\n\t\t\t\t<div class=\"w-post-elm post_image usg_post_image_1 has_width stretched\"><img width=\"1024\" height=\"683\" src=\"https:\/\/www.labloom.com.tr\/wp-content\/uploads\/2023\/03\/Cunda1-1024x683.jpg\" class=\"not-lazy attachment-large size-large wp-post-image\" alt=\"\" loading=\"lazy\" srcset=\"https:\/\/www.labloom.com.tr\/wp-content\/uploads\/2023\/03\/Cunda1-1024x683.jpg 1024w, https:\/\/www.labloom.com.tr\/wp-content\/uploads\/2023\/03\/Cunda1-300x200.jpg 300w, https:\/\/www.labloom.com.tr\/wp-content\/uploads\/2023\/03\/Cunda1-1536x1024.jpg 1536w, https:\/\/www.labloom.com.tr\/wp-content\/uploads\/2023\/03\/Cunda1.jpg 1819w\" sizes=\"(max-width: 1024px) 100vw, 1024px\" \/><\/div><div class=\"w-vwrapper usg_vwrapper_1 align_left valign_middle\"><h2 class=\"w-post-elm post_title usg_post_title_1 entry-title color_link_inherit has_text_color\">Cunda<\/h2><div class=\"w-post-elm post_taxonomy usg_post_taxonomy_1 style_simple color_link_inherit\"><a href=\"https:\/\/www.labloom.com.tr\/tr\/\u00dcr\u00fcn_Kategorisi\/bahce-takimlari\/\">Bahce Tak\u0131mlar\u0131<\/a><\/div><\/div>\t<\/div>\r\n<\/article>\r\n<article class=\"w-grid-item post-5170 us_portfolio type-us_portfolio status-publish has-post-thumbnail hentry us_portfolio_category-bahce-takimlari\" data-id=\"5170\">\r\n\t<div class=\"w-grid-item-h\">\r\n\t\t\t\t<div class=\"w-post-elm post_image usg_post_image_1 has_width stretched\"><img width=\"1024\" height=\"572\" src=\"https:\/\/www.labloom.com.tr\/wp-content\/uploads\/2023\/03\/Using_the_provided_2k_202601221637-2-1024x572.jpeg\" class=\"not-lazy attachment-large size-large wp-post-image\" alt=\"\" loading=\"lazy\" srcset=\"https:\/\/www.labloom.com.tr\/wp-content\/uploads\/2023\/03\/Using_the_provided_2k_202601221637-2-1024x572.jpeg 1024w, https:\/\/www.labloom.com.tr\/wp-content\/uploads\/2023\/03\/Using_the_provided_2k_202601221637-2-300x167.jpeg 300w, https:\/\/www.labloom.com.tr\/wp-content\/uploads\/2023\/03\/Using_the_provided_2k_202601221637-2-1536x857.jpeg 1536w\" sizes=\"(max-width: 1024px) 100vw, 1024px\" \/><\/div><div class=\"w-vwrapper usg_vwrapper_1 align_left valign_middle\"><h2 class=\"w-post-elm post_title usg_post_title_1 entry-title color_link_inherit has_text_color\">Zeugma<\/h2><div class=\"w-post-elm post_taxonomy usg_post_taxonomy_1 style_simple color_link_inherit\"><a href=\"https:\/\/www.labloom.com.tr\/tr\/\u00dcr\u00fcn_Kategorisi\/bahce-takimlari\/\">Bahce Tak\u0131mlar\u0131<\/a><\/div><\/div>\t<\/div>\r\n<\/article>\r\n<article class=\"w-grid-item post-5168 us_portfolio type-us_portfolio status-publish has-post-thumbnail hentry us_portfolio_category-bahce-takimlari\" data-id=\"5168\">\r\n\t<div class=\"w-grid-item-h\">\r\n\t\t\t\t<div class=\"w-post-elm post_image usg_post_image_1 has_width stretched\"><img width=\"1024\" height=\"572\" src=\"https:\/\/www.labloom.com.tr\/wp-content\/uploads\/2023\/03\/Zeus-8-Topaz-Gigapixel-2x-scale-1024x572.jpg\" class=\"not-lazy attachment-large size-large wp-post-image\" alt=\"\" loading=\"lazy\" srcset=\"https:\/\/www.labloom.com.tr\/wp-content\/uploads\/2023\/03\/Zeus-8-Topaz-Gigapixel-2x-scale-1024x572.jpg 1024w, https:\/\/www.labloom.com.tr\/wp-content\/uploads\/2023\/03\/Zeus-8-Topaz-Gigapixel-2x-scale-300x167.jpg 300w, https:\/\/www.labloom.com.tr\/wp-content\/uploads\/2023\/03\/Zeus-8-Topaz-Gigapixel-2x-scale-1536x857.jpg 1536w\" sizes=\"(max-width: 1024px) 100vw, 1024px\" \/><\/div><div class=\"w-vwrapper usg_vwrapper_1 align_left valign_middle\"><h2 class=\"w-post-elm post_title usg_post_title_1 entry-title color_link_inherit has_text_color\">Zeus<\/h2><div class=\"w-post-elm post_taxonomy usg_post_taxonomy_1 style_simple color_link_inherit\"><a href=\"https:\/\/www.labloom.com.tr\/tr\/\u00dcr\u00fcn_Kategorisi\/bahce-takimlari\/\">Bahce Tak\u0131mlar\u0131<\/a><\/div><\/div>\t<\/div>\r\n<\/article>\r\n<article class=\"w-grid-item post-4677 us_portfolio type-us_portfolio status-publish has-post-thumbnail hentry us_portfolio_category-bahce-takimlari\" data-id=\"4677\">\r\n\t<div class=\"w-grid-item-h\">\r\n\t\t\t\t<div class=\"w-post-elm post_image usg_post_image_1 has_width stretched\"><img width=\"1024\" height=\"683\" src=\"https:\/\/www.labloom.com.tr\/wp-content\/uploads\/2019\/09\/Biblos1-1024x683.jpg\" class=\"not-lazy attachment-large size-large wp-post-image\" alt=\"\" loading=\"lazy\" srcset=\"https:\/\/www.labloom.com.tr\/wp-content\/uploads\/2019\/09\/Biblos1-1024x683.jpg 1024w, https:\/\/www.labloom.com.tr\/wp-content\/uploads\/2019\/09\/Biblos1-300x200.jpg 300w, https:\/\/www.labloom.com.tr\/wp-content\/uploads\/2019\/09\/Biblos1-1536x1024.jpg 1536w, https:\/\/www.labloom.com.tr\/wp-content\/uploads\/2019\/09\/Biblos1.jpg 1819w\" sizes=\"(max-width: 1024px) 100vw, 1024px\" \/><\/div><div class=\"w-vwrapper usg_vwrapper_1 align_left valign_middle\"><h2 class=\"w-post-elm post_title usg_post_title_1 entry-title color_link_inherit has_text_color\">Biblos<\/h2><div class=\"w-post-elm post_taxonomy usg_post_taxonomy_1 style_simple color_link_inherit\"><a href=\"https:\/\/www.labloom.com.tr\/tr\/\u00dcr\u00fcn_Kategorisi\/bahce-takimlari\/\">Bahce Tak\u0131mlar\u0131<\/a><\/div><\/div>\t<\/div>\r\n<\/article>\r\n<article class=\"w-grid-item post-4674 us_portfolio type-us_portfolio status-publish has-post-thumbnail hentry us_portfolio_category-bahce-takimlari\" data-id=\"4674\">\r\n\t<div class=\"w-grid-item-h\">\r\n\t\t\t\t<div class=\"w-post-elm post_image usg_post_image_1 has_width stretched\"><img width=\"1024\" height=\"572\" src=\"https:\/\/www.labloom.com.tr\/wp-content\/uploads\/2020\/01\/Using_the_provided_2k_202601061327-1024x572.jpeg\" class=\"not-lazy attachment-large size-large wp-post-image\" alt=\"\" loading=\"lazy\" srcset=\"https:\/\/www.labloom.com.tr\/wp-content\/uploads\/2020\/01\/Using_the_provided_2k_202601061327-1024x572.jpeg 1024w, https:\/\/www.labloom.com.tr\/wp-content\/uploads\/2020\/01\/Using_the_provided_2k_202601061327-300x167.jpeg 300w, https:\/\/www.labloom.com.tr\/wp-content\/uploads\/2020\/01\/Using_the_provided_2k_202601061327-1536x857.jpeg 1536w\" sizes=\"(max-width: 1024px) 100vw, 1024px\" \/><\/div><div class=\"w-vwrapper usg_vwrapper_1 align_left valign_middle\"><h2 class=\"w-post-elm post_title usg_post_title_1 entry-title color_link_inherit has_text_color\">Loca<\/h2><div class=\"w-post-elm post_taxonomy usg_post_taxonomy_1 style_simple color_link_inherit\"><a href=\"https:\/\/www.labloom.com.tr\/tr\/\u00dcr\u00fcn_Kategorisi\/bahce-takimlari\/\">Bahce Tak\u0131mlar\u0131<\/a><\/div><\/div>\t<\/div>\r\n<\/article>\r\n<article class=\"w-grid-item post-4671 us_portfolio type-us_portfolio status-publish has-post-thumbnail hentry us_portfolio_category-bahce-takimlari\" data-id=\"4671\">\r\n\t<div class=\"w-grid-item-h\">\r\n\t\t\t\t<div class=\"w-post-elm post_image usg_post_image_1 has_width stretched\"><img width=\"1024\" height=\"683\" src=\"https:\/\/www.labloom.com.tr\/wp-content\/uploads\/2022\/01\/BONGOBANNER-1024x683.jpg\" class=\"not-lazy attachment-large size-large wp-post-image\" alt=\"\" loading=\"lazy\" srcset=\"https:\/\/www.labloom.com.tr\/wp-content\/uploads\/2022\/01\/BONGOBANNER-1024x683.jpg 1024w, https:\/\/www.labloom.com.tr\/wp-content\/uploads\/2022\/01\/BONGOBANNER-300x200.jpg 300w, https:\/\/www.labloom.com.tr\/wp-content\/uploads\/2022\/01\/BONGOBANNER-1536x1024.jpg 1536w, https:\/\/www.labloom.com.tr\/wp-content\/uploads\/2022\/01\/BONGOBANNER.jpg 1819w\" sizes=\"(max-width: 1024px) 100vw, 1024px\" \/><\/div><div class=\"w-vwrapper usg_vwrapper_1 align_left valign_middle\"><h2 class=\"w-post-elm post_title usg_post_title_1 entry-title color_link_inherit has_text_color\">Bongo<\/h2><div class=\"w-post-elm post_taxonomy usg_post_taxonomy_1 style_simple color_link_inherit\"><a href=\"https:\/\/www.labloom.com.tr\/tr\/\u00dcr\u00fcn_Kategorisi\/bahce-takimlari\/\">Bahce Tak\u0131mlar\u0131<\/a><\/div><\/div>\t<\/div>\r\n<\/article>\r\n<\/div><div class=\"g-preloader type_1\">\r\n\t<div><\/div>\r\n<\/div>\r\n\t<div class=\"w-grid-json hidden\" onclick='return {&quot;action&quot;:&quot;us_ajax_grid&quot;,&quot;ajax_url&quot;:&quot;https:\\\/\\\/www.labloom.com.tr\\\/wp-admin\\\/admin-ajax.php&quot;,&quot;infinite_scroll&quot;:0,&quot;max_num_pages&quot;:3,&quot;pagination&quot;:&quot;none&quot;,&quot;permalink_url&quot;:&quot;https:\\\/\\\/www.labloom.com.tr\\\/tr\\\/wp-json\\\/wp\\\/v2\\\/pages\\\/25\\\/&quot;,&quot;template_vars&quot;:{&quot;columns&quot;:&quot;4&quot;,&quot;exclude_items&quot;:&quot;none&quot;,&quot;img_size&quot;:&quot;default&quot;,&quot;ignore_items_size&quot;:false,&quot;items_layout&quot;:&quot;portfolio_8&quot;,&quot;items_offset&quot;:&quot;1&quot;,&quot;overriding_link&quot;:&quot;none&quot;,&quot;post_id&quot;:25,&quot;query_args&quot;:{&quot;post_type&quot;:[&quot;us_portfolio&quot;],&quot;tax_query&quot;:[{&quot;taxonomy&quot;:&quot;us_portfolio_category&quot;,&quot;field&quot;:&quot;slug&quot;,&quot;terms&quot;:[&quot;outdoor-sets&quot;]}],&quot;post_status&quot;:[&quot;publish&quot;],&quot;orderby&quot;:{&quot;date&quot;:&quot;DESC&quot;},&quot;posts_per_page&quot;:&quot;12&quot;},&quot;type&quot;:&quot;carousel&quot;,&quot;us_grid_ajax_index&quot;:1,&quot;us_grid_filter_params&quot;:null,&quot;us_grid_index&quot;:1,&quot;_us_grid_post_type&quot;:&quot;us_portfolio&quot;,&quot;lang&quot;:&quot;tr&quot;},&quot;carousel_settings&quot;:{&quot;autoHeight&quot;:0,&quot;autoplay&quot;:1,&quot;carousel_fade&quot;:0,&quot;center&quot;:0,&quot;dots&quot;:1,&quot;items&quot;:&quot;4&quot;,&quot;loop&quot;:true,&quot;nav&quot;:0,&quot;slideby&quot;:&quot;1&quot;,&quot;smooth_play&quot;:0,&quot;speed&quot;:250,&quot;timeout&quot;:3000,&quot;transition&quot;:&quot;&quot;},&quot;carousel_breakpoints&quot;:{&quot;1200&quot;:{&quot;items&quot;:4},&quot;900&quot;:{&quot;autoHeight&quot;:0,&quot;autoplay&quot;:1,&quot;autoplayHoverPause&quot;:1,&quot;items&quot;:3,&quot;loop&quot;:true},&quot;600&quot;:{&quot;autoHeight&quot;:0,&quot;autoplay&quot;:1,&quot;autoplayHoverPause&quot;:1,&quot;items&quot;:2,&quot;loop&quot;:true},&quot;0&quot;:{&quot;autoHeight&quot;:0,&quot;autoplay&quot;:1,&quot;autoplayHoverPause&quot;:1,&quot;items&quot;:1,&quot;loop&quot;:true}}}'><\/div>\r\n<\/div><\/div><\/div><\/div><\/div><\/div><\/section><section class=\"l-section wpb_row height_medium\"><div class=\"l-section-h i-cf\"><div class=\"g-cols vc_row type_default valign_top\"><div class=\"vc_col-sm-6 wpb_column vc_column_container\"><div class=\"vc_column-inner us_custom_60e9caca\"><div class=\"wpb_wrapper\"><div class=\"wpb_text_column\" ><div class=\"wpb_wrapper\"><h2>La Bloom\u2019un modern cizgileri zarif detaylarla dengeledi\u011fi zamans\u0131z mobilyalar\u0131, bir bahce mobilyas\u0131n\u0131n \u00f6tesinde!<\/h2>\n<\/div><\/div><div class=\"w-separator size_medium\"><\/div><\/div><\/div><\/div><div class=\"vc_col-sm-6 wpb_column vc_column_container\"><div class=\"vc_column-inner\"><div class=\"wpb_wrapper\"><\/div><\/div><\/div><\/div><\/div><\/section><section class=\"l-section wpb_row height_auto width_full\"><div class=\"l-section-h i-cf\"><div class=\"g-cols vc_row type_default valign_top\"><div class=\"vc_col-sm-12 wpb_column vc_column_container\"><div class=\"vc_column-inner\"><div class=\"wpb_wrapper\"><\/div><\/div><\/div><\/div><\/div><\/section>\n","protected":false},"excerpt":{"rendered":"BongoKonforun \u00e7izgileri ya\u015fam alanlar\u0131n\u0131zda. Konforunuzdan \u00f6d\u00fcn vermeden her mevsim kullanabilece\u011finiz Bongo Koltuk Tak\u0131m\u0131, ya\u015fam alanlar\u0131n\u0131za s\u0131cac\u0131k bir ambiyans katmak i\u00e7in ah\u015fab\u0131n zarafetiyle \u00fcretildi. Kaliteli kuma\u015flardan \u00fcretilen y\u0131kanabilir k\u0131rlentleri ile Bongo, zamans\u0131z tasar\u0131m\u0131, sa\u011flam \u00e7er\u00e7eveleri ve konforlu k\u0131rlentleri ile d\u0131\u015far\u0131da ge\u00e7irdi\u011finiz her an size e\u015flik edecek. Size 3 Seater Sofa \/ 192x79cm 92H Seater Sofa \/...","protected":false},"author":1,"featured_media":0,"parent":0,"menu_order":0,"comment_status":"closed","ping_status":"closed","template":"","meta":[],"_links":{"self":[{"href":"https:\/\/www.labloom.com.tr\/tr\/wp-json\/wp\/v2\/pages\/25"}],"collection":[{"href":"https:\/\/www.labloom.com.tr\/tr\/wp-json\/wp\/v2\/pages"}],"about":[{"href":"https:\/\/www.labloom.com.tr\/tr\/wp-json\/wp\/v2\/types\/page"}],"author":[{"embeddable":true,"href":"https:\/\/www.labloom.com.tr\/tr\/wp-json\/wp\/v2\/users\/1"}],"replies":[{"embeddable":true,"href":"https:\/\/www.labloom.com.tr\/tr\/wp-json\/wp\/v2\/comments?post=25"}],"version-history":[{"count":87,"href":"https:\/\/www.labloom.com.tr\/tr\/wp-json\/wp\/v2\/pages\/25\/revisions"}],"predecessor-version":[{"id":5269,"href":"https:\/\/www.labloom.com.tr\/tr\/wp-json\/wp\/v2\/pages\/25\/revisions\/5269"}],"wp:attachment":[{"href":"https:\/\/www.labloom.com.tr\/tr\/wp-json\/wp\/v2\/media?parent=25"}],"curies":[{"name":"wp","href":"https:\/\/api.w.org\/{rel}","templated":true}]}}